{"id":1360,"date":"2012-12-21T21:20:20","date_gmt":"2012-12-21T19:20:20","guid":{"rendered":"http:\/\/www.dhra.nl\/?page_id=1360"},"modified":"2018-04-17T14:11:33","modified_gmt":"2018-04-17T12:11:33","slug":"edrs-2","status":"publish","type":"page","link":"https:\/\/dhra.nl\/?page_id=1360&lang=de","title":{"rendered":"EDRS"},"content":{"rendered":"<p><strong>European Drag Racing Series,<\/strong><\/p>\n<p><strong><img loading=\"lazy\" decoding=\"async\" class=\"alignnone size-thumbnail wp-image-281\" title=\"EDRS\" alt=\"\" src=\"https:\/\/dhra.nl\/wp-content\/uploads\/2011\/06\/EDRS-150x150.jpg\" width=\"150\" height=\"150\" srcset=\"https:\/\/dhra.nl\/wp-content\/uploads\/2011\/06\/EDRS-150x150.jpg 150w, https:\/\/dhra.nl\/wp-content\/uploads\/2011\/06\/EDRS-300x300.jpg 300w, https:\/\/dhra.nl\/wp-content\/uploads\/2011\/06\/EDRS-299x300.jpg 299w, https:\/\/dhra.nl\/wp-content\/uploads\/2011\/06\/EDRS.jpg 659w\" sizes=\"auto, (max-width: 150px) 100vw, 150px\" \/><\/strong><\/p>\n<p>&nbsp;<\/p>\n<p><b>F\u00fcr den Fahrer: <\/b><\/p>\n<p>Die DHRA began im Jahre 2012 mit der European Drag Racing Series. All dies ist unter der Flagge des OSL \/ SLD-Programms (Operation Street Legal \/ Street Legal Drags). Dieses Programm wurde konzipiert und von Tony Rowe in Zusammenarbeit mit der DHRA gegr\u00fcndet. Diese Europameisterschaft wird mit Stra\u00dfen zugelassenen Fahrzeugen ausgetragen die zus\u00e4tzliche Klassen-Regeln unterliegen. Diese Meisterschaft fand in den Niederlanden und in Deutschland im Jahr 2012 statt. Die Klassen sind: A, B, C, D-SL (Heads-up mit Klassen-Index), die SE\/ProET (breaket) sowie SM 10,5 outlaw Klasse (Heads-up). Die Regelungen k\u00f6nnen Sie auf dieser Website finden. In jeder Klasse haben wir eine Klassenmeisterschaft auf der Grundlage der die meisten Punkte sammelt, aber wir z\u00e4hlen die besten 3 von 5 oder 4 der 6 Spiele. Wenn Sie an allen Rennen teilnehmen erhalten Sie Bonuspunkte. Gesammelt \u00fcber alle Klassen hinaus fahren wir den King Street Titel aus. Im Kalender k\u00f6nnen Sie alle Termine f\u00fcr die niederl\u00e4ndische SLD und EDRS sehen.<\/p>\n<p><b>F\u00fcr andere Veranstalter: <\/b><\/p>\n<p>Ab 2012, besteht die M\u00f6glichkeit f\u00fcr andere Veranstalter Partner der EDRS zu warden, es gibt viele Varianten der Teilnahme:<\/p>\n<ul>\n<li>DHRA k\u00fcmmert sich um alles auf \u00a0\u00a0\u00a0\u00a0 Ihrer Veranstaltung;<\/li>\n<li>DHRA bietet die Zeitnahme, \u00a0\u00a0\u00a0\u00a0 Technische Abnahme und Rennregistierung oder eine Kombination davon;<\/li>\n<li>DHRA bietet technische \u00a0\u00a0\u00a0\u00a0 Inspekteure zur \u00dcberpr\u00fcfung\/\u00dcberwachung der eigenen Organisation, um eine \u00a0\u00a0\u00a0\u00a0 gleichbleibende Qualit\u00e4t und Durchf\u00fchrung der EDRS auf allen \u00a0\u00a0\u00a0\u00a0 Veranstaltungen zu gew\u00e4hrleisten.<\/li>\n<\/ul>\n<p>Wenn Sie Ihre eigene Ausr\u00fcstung und Team nutzen wollen, aber an dem Programm der EDRS teilnehmen m\u00f6chten, dann zahlen Sie eine Aufnahmegeb\u00fchr f\u00fcr die EDRS Serie. Wir stellen dann\u00a0 technische Inspekteure, helfen bei der Ausf\u00fchrung der Veranstaltung und erledigen die Gesamtauswertung.<\/p>\n<p>Die Standard-Mindestanforderung f\u00fcr die Teilnahme an den Klassen der EDRS ist:<\/p>\n<p>\u2022 DHRA Vorschriften des \u00a0OSL \/ SLD-Programm sind Pflicht!<br \/>\n\u2022 Zahlung einer Jahresgeb\u00fchr pro Jahr f\u00fcr die EDRS Namenstragung, Kosten und Logie f\u00fcr die Anzahl der Wettbewerbe f\u00fcr die 3 Inspekteure, die die Rennen betreuen (Timing Crew, Tech Inspektion, Registrierung).<br \/>\n\u2022 Teilnahme an der Jahrestagung im November.<br \/>\n\u2022 Teilnahme an Schulungen organisiert durch die DHRA f\u00fcr die EDRS Series<\/p>\n<p>Was wird minimal von EDRS \/ DHRA reguliert:<\/p>\n<p>\u2022 Pokale f\u00fcr alle Klassen der EDRS<br \/>\n\u2022 Gro\u00dfe Finalel + Mega Pokal f\u00fcr den SKOE<br \/>\n\u2022 Preise f\u00fcr den 2. und 3. Platzierten SKOE<br \/>\n\u2022 Management der Ver\u00f6ffentlichungsvorschriften (erste Woche im November)<br \/>\n\u2022 Marketing und \u00d6ffentlichkeitsarbeit<\/p>\n<p>Wenn Sie an einer Teilnahme an der EDRS interessiert sind, schicken Sie eine E-Mail an unsere Ansprechpartner:<\/p>\n<p>Tony Rowe<br \/>\nGerard Roelofsen<br \/>\nCary Koper<\/p>\n<p>F\u00fcr Deutschland:<\/p>\n<p>Danny Sanders<br \/>\nMarcel Gouma<\/p>\n<p>&nbsp;<\/p>\n<p><img loading=\"lazy\" decoding=\"async\" title=\"EDRS\" alt=\"\" src=\"https:\/\/dhra.nl\/wp-content\/uploads\/2011\/06\/EDRS-300x300.jpg\" width=\"300\" height=\"300\" \/><\/p>\n","protected":false},"excerpt":{"rendered":"<p>European Drag Racing Series, &nbsp; F\u00fcr den Fahrer: Die DHRA began im Jahre 2012 mit der European Drag Racing Series. All dies ist unter der Flagge des OSL \/ SLD-Programms (Operation Street Legal \/ Street Legal Drags). Dieses Programm wurde konzipiert und von Tony Rowe in Zusammenarbeit mit der DHRA gegr\u00fcndet. Diese Europameisterschaft wird mit [&hellip;]<\/p>\n","protected":false},"author":1,"featured_media":0,"parent":0,"menu_order":0,"comment_status":"closed","ping_status":"closed","template":"","meta":{"ngg_post_thumbnail":0,"footnotes":""},"class_list":["post-1360","page","type-page","status-publish","hentry"],"_links":{"self":[{"href":"https:\/\/dhra.nl\/index.php?rest_route=\/wp\/v2\/pages\/1360","targetHints":{"allow":["GET"]}}],"collection":[{"href":"https:\/\/dhra.nl\/index.php?rest_route=\/wp\/v2\/pages"}],"about":[{"href":"https:\/\/dhra.nl\/index.php?rest_route=\/wp\/v2\/types\/page"}],"author":[{"embeddable":true,"href":"https:\/\/dhra.nl\/index.php?rest_route=\/wp\/v2\/users\/1"}],"replies":[{"embeddable":true,"href":"https:\/\/dhra.nl\/index.php?rest_route=%2Fwp%2Fv2%2Fcomments&post=1360"}],"version-history":[{"count":4,"href":"https:\/\/dhra.nl\/index.php?rest_route=\/wp\/v2\/pages\/1360\/revisions"}],"predecessor-version":[{"id":3221,"href":"https:\/\/dhra.nl\/index.php?rest_route=\/wp\/v2\/pages\/1360\/revisions\/3221"}],"wp:attachment":[{"href":"https:\/\/dhra.nl\/index.php?rest_route=%2Fwp%2Fv2%2Fmedia&parent=1360"}],"curies":[{"name":"wp","href":"https:\/\/api.w.org\/{rel}","templated":true}]}}