{"id":1362,"date":"2012-12-21T21:22:18","date_gmt":"2012-12-21T19:22:18","guid":{"rendered":"http:\/\/www.dhra.nl\/?page_id=1362"},"modified":"2018-04-17T14:08:36","modified_gmt":"2018-04-17T12:08:36","slug":"was-ist-dhra","status":"publish","type":"page","link":"https:\/\/dhra.nl\/?page_id=1362&lang=de","title":{"rendered":"Was ist DHRA"},"content":{"rendered":"<div>\n<p>Street Legal Drags ist ein Drag Racing-Programm f\u00fcr &#8220;Street Legal&#8221; Autos und Fahrr\u00e4der und basiert auf Dragstrips (z. B. Flugh\u00e4fen) und\/oder Rennstrecken statt. Wir fahren nach dem Groll Prinzip. Dies bedeutet, dass jeder seine\/ihre eigenen Gegner w\u00e4hlt. Qualifiziert wird sich nach Heads-up (ein gleichzeitiges starten), im Wettbewerb werden in der jeweiligen Klasse im \u201eBracket Racing\u201c-Verfahren\u00a0 Eleminationsl\u00e4ufe ausgetragen, inkl. Handicap L\u00e4ufen. Dies bedeutet, dass jeder Fahrer seine eigene Zeit auf der \u00bc Meile hat, die er genau treffen muss, dieses wird &#8220;Bracket racing&#8221; genannt.<\/p>\n<p><span style=\"text-decoration: underline;\">Beispiel:<\/span> Ein Civic hat einen Index von 14 Sekunden. Ein Dodge hat einen Index der Zeit von 13,5 Sekunden. Beim Eleminationslauf wird der Civic 0,5 Sekunden fr\u00fcher als der Dodge gestartet. Durch dieses verz\u00f6gerte Startprinzip bleibt es fair f\u00fcr die Fahrer, denn jeder hat die gleiche Chance, um den Sieg zu k\u00e4mpfen. Es kommt alles auf das Fahren und der Fahrzeugkontrolle an und nicht, wie viel Geld jemand in sein Auto investiert hat um der schnellste zu sein.<\/p>\n<p>Wir fahren in 9 Klassen, n\u00e4mlich:<\/p>\n<ul>\n<li>A \/ SL (Index zwischen 12,00 und 12,99 Sek.)<\/li>\n<li>B \/ SL (Index zwischen 13,00 und 13,99 Sek.)<\/li>\n<li>C \/ SL (Index zwischen 14,00 und 14,99 Sek.)<\/li>\n<li>D \/ SL (Index 15, 00sec. und langsamer)<\/li>\n<li>SE (Street Eliminator\/ProET) eine Bracket-Klasse mit Index zwischen 10,00 und 13,99 Sek.<\/li>\n<li>SM (Street Modified) f\u00fcr jedes Fahrzeug schneller als 12,00 sec.<\/li>\n<li>WS (Wild Street) Rennfahrzeuge bis 7,00 Sekunden<\/li>\n<li>SLB (Street Legal Bikes) Stra\u00dfenzugelassene Motorr\u00e4der<\/li>\n<li>SMB (Street Modified Bikes\/SOET) Rennmotorr\u00e4der<\/li>\n<\/ul>\n<p>Jedes Jahr gibt es auch eine Dutch Street Power Serie und eine European Drag Racing Serie.<\/p>\n<p>Jedes Rennen, woran ein(e) Fahrer(in) teilnimmt, liefert ihm\/ihr Punkte. \u00a0F\u00fcr weitere Informationen \u00fcber den Punktstand, siehe unter dem Men\u00fcpunkt \u201ePunktestand\u201c auf dieser Website. Der Fahrer mit den meisten Punkten am Ende der Saison, ist der Sieger. Der Champion gewinnt eine Reihe von Dingen, die verf\u00fcgbar gemacht werden durch das Sponsorenprogramm.<\/p>\n<p><b>DHRA MITGLIEDER<\/b><\/p>\n<p>Jede Person, die legales Streetracing auf dem Dragstrip unterst\u00fctzen m\u00f6chte, kann Mitglied des Street Legal Drags Programms werden. Das kostet nichts und jeder bekommt einen Mitgliedsausweis an seine Adresse gesendet (ab 2013). Dieser Pass ist pers\u00f6nlich und zusammen mit einem g\u00fcltigen F\u00fchrerschein gibt es Zugang zu mehreren Vorteilen der Street Legal Drags Programms. Diese Vorteile bestehen aus z. B. \u00a0Rabatt auf Sicherheits\u00fcberpr\u00fcfungen APK \/ T\u00dcV \/ T\u00fcV, Rabatt auf Tuningteile usw. Diese Vorteile werden durch das Programm Sponsoren oder Partner der Street Legal Drags Programms bereitgestellt. Die Mitglieder werden von uns per E-Mail informiert \u00fcber alle Entwicklungen in der Street Legal Drags Programm sowie von unseren Sponsoren.<\/p>\n<p><b>DHRA VERTRIEB<\/b><\/p>\n<p>Die Street Legal Drags Programm ist ein Programm, das von der niederl\u00e4ndischen Hot Rod Association, zusammen mit der Zeitmessung von der niederl\u00e4ndischen Hot Rod Association, welches \u00a0Ihnen ein komplettes Paket anbietet. Dies bedeutet, dass das Programm als Ganzes durch Organisationen genutzt werden kann. Je nach Veranstaltung gibt eine Grundvoraussetzung. Diese Bedingungen sind verbunden mit der Garantie, dass man f\u00fcr jeden ein ansprechbar ist und dass die Organisation so strukturiert ist, dass gen\u00fcgend Aufmerksamkeit dem Fahrer zukommt.<\/p>\n<p>Die DHRA bietet:<\/p>\n<ul>\n<li>Zeitmessung<\/li>\n<li>Rennleitung<\/li>\n<li>Organisation ihrer \u00a0\u00a0\u00a0\u00a0 Veranstaltung<\/li>\n<li>Technische Inspektion<\/li>\n<li>Inspektoren \u00a0f\u00fcr die EDRS Championship Teilnahme<\/li>\n<\/ul>\n<p>Kombinationen von diesen sind nat\u00fcrlich auch m\u00f6glich.<\/p>\n<p><b>DHRA VERANSTALTUNGEN<\/b><\/p>\n<p>Die DHRA soll kurzfristig zumindest eine Veranstaltung pro Monat von April bis September f\u00fcr ein oder zwei Tage haben. Einige dieser Veranstaltungen finden in Deutschland statt, andere in den Niederlanden oder Belgien oder in einem anderen europ\u00e4ischen Land. Auf diese Weise kann ein Fahrer auch seine Kr\u00e4fte gegen ausl\u00e4ndische Fahrer messen. Im Jahr 2012 begannen wir mit der Europ\u00e4ischen Drag Racing Serie (EDRS). Die schnellsten 50 Fahrer jedes Landes werden f\u00fcr das n\u00e4chste Jahr eingeladen, um am European Drag Racing Championship teilzunehmen. Die einzige Bedingung ist, dass er\/sie Mitglied der Street Legal Drags ist. Das kostet nichts und die Anmeldung \u00a0ist \u00fcber der DHRA Website m\u00f6glich. Motto ist ein gem\u00fctliches Wochenende mit Freunden und Familie, mit besonders sicherem Rennsport. Neben diesen gr\u00f6\u00dferen Veranstaltungen ist es auch m\u00f6glich, kleinere Street Legal Drags Rennen auf lokaler \/ regionaler Ebene zu organisieren.<\/p>\n<p>&nbsp;<\/p>\n<\/div>\n<div><\/div>\n<div><img loading=\"lazy\" decoding=\"async\" alt=\"\" src=\"https:\/\/dhra.nl\/images\/thumbstart.jpg\" width=\"199\" height=\"149\" \/><\/div>\n<div>\n<p>WENN SIE MEHR \u00dcBER STREET LEGAL DRAGS WISSEN M\u00d6CHTEN, WAS DAS PROGRAMM F\u00dcR SIE BIETET, SENDEN SIE BITTE EINE\u00a0 E-MAIL AN:<\/p>\n<p><a href=\"mailto:info@dhra.nl\">info@dhra.nl<\/a><\/p>\n<\/div>\n<div><\/div>\n<div><\/div>\n","protected":false},"excerpt":{"rendered":"<p>Street Legal Drags ist ein Drag Racing-Programm f\u00fcr &#8220;Street Legal&#8221; Autos und Fahrr\u00e4der und basiert auf Dragstrips (z. B. Flugh\u00e4fen) und\/oder Rennstrecken statt. Wir fahren nach dem Groll Prinzip. Dies bedeutet, dass jeder seine\/ihre eigenen Gegner w\u00e4hlt. Qualifiziert wird sich nach Heads-up (ein gleichzeitiges starten), im Wettbewerb werden in der jeweiligen Klasse im \u201eBracket Racing\u201c-Verfahren\u00a0 [&hellip;]<\/p>\n","protected":false},"author":1,"featured_media":0,"parent":0,"menu_order":0,"comment_status":"closed","ping_status":"closed","template":"","meta":{"ngg_post_thumbnail":0,"footnotes":""},"class_list":["post-1362","page","type-page","status-publish","hentry"],"_links":{"self":[{"href":"https:\/\/dhra.nl\/index.php?rest_route=\/wp\/v2\/pages\/1362","targetHints":{"allow":["GET"]}}],"collection":[{"href":"https:\/\/dhra.nl\/index.php?rest_route=\/wp\/v2\/pages"}],"about":[{"href":"https:\/\/dhra.nl\/index.php?rest_route=\/wp\/v2\/types\/page"}],"author":[{"embeddable":true,"href":"https:\/\/dhra.nl\/index.php?rest_route=\/wp\/v2\/users\/1"}],"replies":[{"embeddable":true,"href":"https:\/\/dhra.nl\/index.php?rest_route=%2Fwp%2Fv2%2Fcomments&post=1362"}],"version-history":[{"count":3,"href":"https:\/\/dhra.nl\/index.php?rest_route=\/wp\/v2\/pages\/1362\/revisions"}],"predecessor-version":[{"id":3216,"href":"https:\/\/dhra.nl\/index.php?rest_route=\/wp\/v2\/pages\/1362\/revisions\/3216"}],"wp:attachment":[{"href":"https:\/\/dhra.nl\/index.php?rest_route=%2Fwp%2Fv2%2Fmedia&parent=1362"}],"curies":[{"name":"wp","href":"https:\/\/api.w.org\/{rel}","templated":true}]}}