{"id":1366,"date":"2012-12-21T21:32:30","date_gmt":"2012-12-21T19:32:30","guid":{"rendered":"http:\/\/www.dhra.nl\/?page_id=1366"},"modified":"2017-10-09T14:44:39","modified_gmt":"2017-10-09T12:44:39","slug":"ubersicht-punktesystem","status":"publish","type":"page","link":"https:\/\/dhra.nl\/?page_id=1366&lang=de","title":{"rendered":"\u00dcbersicht Punktesystem"},"content":{"rendered":"<hr size=\"3\" \/>\n<p>On this page you will find the points \/ end results of all the events for the Dutch Street Power Series Championship and EDRS Championship.<br \/>\nThe class we have for the championships are:<\/p>\n<div><img loading=\"lazy\" decoding=\"async\" src=\"http:\/\/www.dhra.nl\/Icons\/Dsl.png\" alt=\"DSL\" width=\"65\" height=\"34\" border=\"0\" \/> <img loading=\"lazy\" decoding=\"async\" src=\"http:\/\/www.dhra.nl\/Icons\/Csl.png\" alt=\"CSL\" width=\"65\" height=\"34\" border=\"0\" \/> <img loading=\"lazy\" decoding=\"async\" src=\"http:\/\/www.dhra.nl\/Icons\/Bsl.png\" alt=\"BSL\" width=\"65\" height=\"34\" border=\"0\" \/> <img loading=\"lazy\" decoding=\"async\" src=\"http:\/\/www.dhra.nl\/Icons\/Asl.png\" alt=\"ASL\" width=\"65\" height=\"34\" border=\"0\" \/><br \/>\n<img loading=\"lazy\" decoding=\"async\" src=\"http:\/\/www.dhra.nl\/Icons\/SE.png\" alt=\"SE\" width=\"65\" height=\"34\" border=\"0\" \/> <img loading=\"lazy\" decoding=\"async\" src=\"http:\/\/www.dhra.nl\/Icons\/SM.png\" alt=\"SM\" width=\"65\" height=\"34\" border=\"0\" \/> <img loading=\"lazy\" decoding=\"async\" src=\"http:\/\/www.dhra.nl\/Icons\/WS.png\" alt=\"WS\" width=\"65\" height=\"34\" border=\"0\" \/><br \/>\n<img loading=\"lazy\" decoding=\"async\" src=\"http:\/\/www.dhra.nl\/Icons\/SLB.png\" alt=\"SLB\" width=\"65\" height=\"34\" border=\"0\" \/> <img loading=\"lazy\" decoding=\"async\" src=\"http:\/\/www.dhra.nl\/Icons\/PSB.png\" alt=\"PSB\" width=\"65\" height=\"34\" border=\"0\" \/> <img loading=\"lazy\" decoding=\"async\" src=\"http:\/\/www.dhra.nl\/Icons\/SMB.png\" alt=\"SMB\" width=\"65\" height=\"34\" border=\"0\" \/><\/div>\n<hr size=\"3\" \/>\n<p>We have also an new online ranking system.<br \/>\nSo no more PDF files to download, just click the right link:<\/p>\n<p><a href=\"http:\/\/www.dhra.nl\/events\/index.php?id=championships:results&amp;championship=3&amp;season=2017\" target=\"_blank\">Ranking Dutch Street Power Series<\/a><\/p>\n<p><a href=\"http:\/\/www.dhra.nl\/events\/index.php?id=championships:results&amp;championship=2&amp;season=2017\" target=\"_blank\">Ranking European Drag Racing Series<\/a><\/p>\n<hr size=\"3\" \/>\n<p>&nbsp;<\/p>\n<p>Ab 2016 nutzt die DHRA einem neuen ge\u00e4nderten Punktesystem.<\/p>\n<p><span style=\"color: #3366ff;\"><em>Warum dieser Ver\u00e4nderung?<\/em><\/span><br \/>\nDas Punktesystem ist schon fr\u00fcher in 2012 vereinfacht. Dieses Punktesystem haben wir f\u00fcr 2016 etwas ge\u00e4ndert. Besonders f\u00fcr die Veranstaltungen wo wir Eliminieren haben wir \u00c4nderungen durchgef\u00fchrt f\u00fcr ein mehr kompetitives Meistershaft. Man kann jetzt mehr punkte \u00a0erreichen. F\u00fcr die Veranstaltungen wo wir nur Qualifikation machen, sind nur Platz 2, 3 und 4 ge\u00e4ndert.<\/p>\n<p>Damit ist auch sichergestellt, dass wir einen fairen vergleich jeder Klasse haben um \u201cden Gesamtsieger\u201d zu bestimmen.<\/p>\n<p><em><span style=\"color: #3366ff;\">Was bedeuten die \u00c4nderungen?<\/span><br \/>\n<\/em> F\u00fcr Sie als Fahrer wird es sich nicht viel \u00e4ndern.<em>\u00a0E<\/em>inen Fahrer, welche sich qualifiziert hat, das hei\u00dft, die 2 Validierten L\u00e4ufe in seinen Klasse gefahren hat, wird mindestens 64 Punkte bekommen. Einen Fahrer, welche sich nicht qualifiziert hat (NQ) in seinen Klasse erhalt nicht mehr als 60 Punkte (Einschreibung \u00a0und technische Abnahme). Abh\u00e4ngig von die Anzahl der Fahrer in einen Klasse und die Gr\u00f6\u00dfe des Feldes was wir im Elimination ausfahren, k\u00f6nnen Sie mehr Punkte verdienen bei diesen Veranstaltungen wo eliminieren statt findet<\/p>\n<p><span style=\"color: #3366ff;\"><em>Ab wann gelten dieses Ver\u00e4nderungen?<\/em> <\/span><br \/>\nSeit 2016 verwenden wir diese Punktesystem f\u00fcr alle Veranstaltungen f\u00fcr die EDRS und DSPS Meistershaft .<\/p>\n<p>In der folgenden Darstellung sehen Sie, wie das neue Punktesystem aufgebaut ist.<\/p>\n<p><a href=\"http:\/\/www.dhra.nl\/wp-content\/uploads\/2011\/06\/Overzicht-Puntentelling-2016DE.jpg\" rel=\"attachment wp-att-2742\" target=\"_blank\"><img loading=\"lazy\" decoding=\"async\" class=\"alignleft size-medium wp-image-2742\" src=\"http:\/\/www.dhra.nl\/wp-content\/uploads\/2011\/06\/Overzicht-Puntentelling-2016DE-300x238.jpg\" alt=\"Overzicht Puntentelling-2016DE.xlsx\" width=\"300\" height=\"238\" srcset=\"https:\/\/dhra.nl\/wp-content\/uploads\/2011\/06\/Overzicht-Puntentelling-2016DE-300x238.jpg 300w, https:\/\/dhra.nl\/wp-content\/uploads\/2011\/06\/Overzicht-Puntentelling-2016DE.jpg 640w\" sizes=\"auto, (max-width: 300px) 100vw, 300px\" \/><\/a><\/p>\n<p>&nbsp;<\/p>\n<p>&nbsp;<\/p>\n<p>&nbsp;<\/p>\n<p>&nbsp;<\/p>\n<p>&nbsp;<\/p>\n<p>&nbsp;<\/p>\n<p>&nbsp;<\/p>\n<p>Registrierung\u00a0\u00a0\u00a0\u00a0\u00a0\u00a0\u00a0\u00a0\u00a0\u00a0\u00a0\u00a0\u00a0\u00a0\u00a0\u00a0\u00a0\u00a0\u00a0\u00a0\u00a0\u00a0\u00a0\u00a0\u00a0\u00a0\u00a0\u00a0\u00a0\u00a0\u00a0\u00a0\u00a0 10 Punkte<\/p>\n<p>Technische Abname\u00a0\u00a0\u00a0\u00a0\u00a0\u00a0\u00a0\u00a0\u00a0\u00a0\u00a0\u00a0\u00a0\u00a0\u00a0\u00a0\u00a0\u00a0\u00a0\u00a0\u00a0 50 Punkte<\/p>\n<p>Schnellste Reaktionszeit\u00a0\u00a0\u00a0\u00a0\u00a0\u00a0\u00a0\u00a0\u00a0\u00a0\u00a0\u00a0\u00a0 5 Punte<\/p>\n<p>Zweitschnellste Reaktionszeit\u00a0\u00a0\u00a0\u00a0 3 punkte<\/p>\n<p><strong><span style=\"color: #0000ff;\">Puntentelling Archief<\/span><\/strong><br \/>\n<a title=\"Puntentelling 2013\" href=\"http:\/\/www.dhra.nl\/?page_id=1686\">Puntentelling 2013<\/a><br \/>\n<a title=\"King of Europe 2012\" href=\"http:\/\/www.dhra.nl\/?page_id=1190\">King of Europe 2012<\/a><br \/>\n<a title=\"King Street 2012\" href=\"http:\/\/www.dhra.nl\/?page_id=1189\">King Street 2012<\/a><br \/>\n<a title=\"King Street 2011\" href=\"http:\/\/www.dhra.nl\/?p=58\">King Street 2011<\/a><br \/>\n<a title=\"Puntentelling 2012\" href=\"http:\/\/www.dhra.nl\/?page_id=1105\">Puntentelling 2012<\/a><br \/>\n<a title=\"Puntentelling 2011\" href=\"http:\/\/www.dhra.nl\/?page_id=250\">Puntentelling 2011<\/a><br \/>\n<a title=\"Ergebnisse 2013\" href=\"http:\/\/www.dhra.nl\/?page_id=2217&amp;lang=de\">Ergebnisse<\/a><br \/>\n<a title=\"Uitslagen 2012\" href=\"http:\/\/www.dhra.nl\/?page_id=802\">Uitslagen 2012<\/a><br \/>\n<a title=\"Uitslagen 2011\" href=\"http:\/\/www.dhra.nl\/?page_id=97\">Uitslagen 2011<\/a><\/p>\n","protected":false},"excerpt":{"rendered":"<p>On this page you will find the points \/ end results of all the events for the Dutch Street Power Series Championship and EDRS Championship. The class we have for the championships are: We have also an new online ranking system. So no more PDF files to download, just click the right link: Ranking Dutch [&hellip;]<\/p>\n","protected":false},"author":1,"featured_media":0,"parent":0,"menu_order":0,"comment_status":"closed","ping_status":"closed","template":"","meta":{"ngg_post_thumbnail":0,"footnotes":""},"class_list":["post-1366","page","type-page","status-publish","hentry"],"_links":{"self":[{"href":"https:\/\/dhra.nl\/index.php?rest_route=\/wp\/v2\/pages\/1366","targetHints":{"allow":["GET"]}}],"collection":[{"href":"https:\/\/dhra.nl\/index.php?rest_route=\/wp\/v2\/pages"}],"about":[{"href":"https:\/\/dhra.nl\/index.php?rest_route=\/wp\/v2\/types\/page"}],"author":[{"embeddable":true,"href":"https:\/\/dhra.nl\/index.php?rest_route=\/wp\/v2\/users\/1"}],"replies":[{"embeddable":true,"href":"https:\/\/dhra.nl\/index.php?rest_route=%2Fwp%2Fv2%2Fcomments&post=1366"}],"version-history":[{"count":9,"href":"https:\/\/dhra.nl\/index.php?rest_route=\/wp\/v2\/pages\/1366\/revisions"}],"predecessor-version":[{"id":3116,"href":"https:\/\/dhra.nl\/index.php?rest_route=\/wp\/v2\/pages\/1366\/revisions\/3116"}],"wp:attachment":[{"href":"https:\/\/dhra.nl\/index.php?rest_route=%2Fwp%2Fv2%2Fmedia&parent=1366"}],"curies":[{"name":"wp","href":"https:\/\/api.w.org\/{rel}","templated":true}]}}