{"id":1406,"date":"2013-01-10T21:21:47","date_gmt":"2013-01-10T19:21:47","guid":{"rendered":"http:\/\/www.dhra.nl\/?page_id=1406"},"modified":"2013-01-10T21:21:47","modified_gmt":"2013-01-10T19:21:47","slug":"sporliches-regelwerk","status":"publish","type":"page","link":"https:\/\/dhra.nl\/?page_id=1406&lang=de","title":{"rendered":"Sporliches Regelwerk"},"content":{"rendered":"<p>Das neue Regelwerk ist fertig.<\/p>\n<p>Aufgrund der neuen Gestaltung haben wir das Regelwerk im PDF-Format erstellt. Um die PDF-Dateien \u00f6ffnen zu k\u00f6nnen, m\u00fcssen Sie z. B. Adobe Acrobat Reader installiert haben. Sie k\u00f6nnen das Programm kostenlos \u00fcber folgende Homepage downloaden: <a href=\"http:\/\/www.adobe.com\/\" target=\"_blank\">Adobe Homepage<\/a><\/p>\n<p>Derzeit ist das Regelwerk nur auf Niederl\u00e4ndisch verf\u00fcgbar, an einer \u00dcbersetzung wird derzeit gearbeitet.<\/p>\n<p>Um das sportliche Regelwerk herunterzuladen <span style=\"text-decoration: underline;\">klicken Sie hier <\/span><\/p>\n","protected":false},"excerpt":{"rendered":"<p>Das neue Regelwerk ist fertig. Aufgrund der neuen Gestaltung haben wir das Regelwerk im PDF-Format erstellt. Um die PDF-Dateien \u00f6ffnen zu k\u00f6nnen, m\u00fcssen Sie z. B. Adobe Acrobat Reader installiert haben. Sie k\u00f6nnen das Programm kostenlos \u00fcber folgende Homepage downloaden: Adobe Homepage Derzeit ist das Regelwerk nur auf Niederl\u00e4ndisch verf\u00fcgbar, an einer \u00dcbersetzung wird derzeit [&hellip;]<\/p>\n","protected":false},"author":1,"featured_media":0,"parent":0,"menu_order":0,"comment_status":"closed","ping_status":"closed","template":"","meta":{"ngg_post_thumbnail":0,"footnotes":""},"class_list":["post-1406","page","type-page","status-publish","hentry"],"_links":{"self":[{"href":"https:\/\/dhra.nl\/index.php?rest_route=\/wp\/v2\/pages\/1406","targetHints":{"allow":["GET"]}}],"collection":[{"href":"https:\/\/dhra.nl\/index.php?rest_route=\/wp\/v2\/pages"}],"about":[{"href":"https:\/\/dhra.nl\/index.php?rest_route=\/wp\/v2\/types\/page"}],"author":[{"embeddable":true,"href":"https:\/\/dhra.nl\/index.php?rest_route=\/wp\/v2\/users\/1"}],"replies":[{"embeddable":true,"href":"https:\/\/dhra.nl\/index.php?rest_route=%2Fwp%2Fv2%2Fcomments&post=1406"}],"version-history":[{"count":0,"href":"https:\/\/dhra.nl\/index.php?rest_route=\/wp\/v2\/pages\/1406\/revisions"}],"wp:attachment":[{"href":"https:\/\/dhra.nl\/index.php?rest_route=%2Fwp%2Fv2%2Fmedia&parent=1406"}],"curies":[{"name":"wp","href":"https:\/\/api.w.org\/{rel}","templated":true}]}}