{"id":1653,"date":"2013-07-30T20:32:14","date_gmt":"2013-07-30T18:32:14","guid":{"rendered":"http:\/\/www.dhra.nl\/?page_id=1653"},"modified":"2013-07-30T20:32:14","modified_gmt":"2013-07-30T18:32:14","slug":"anweisung-anmeldung","status":"publish","type":"page","link":"https:\/\/dhra.nl\/?page_id=1653&lang=de","title":{"rendered":"Anweisung Anmeldung"},"content":{"rendered":"<p><b>Neues Konto<\/b><br \/>\n** Zur www.dhra.nl<br \/>\n** Gehe in der Symbolleiste auf &#8220;Member Area&#8221; und dann auf &#8220;Registration Module&#8221;.<br \/>\n** Klicken Sie auf &#8220;Noch kein Konto? Jetzt Registrieren!&#8221;.<br \/>\n** Erstellen Sie einen Benutzernamen und ein Passwort (2x), und klicken Sie auf &#8220;n\u00e4chster Schritt&#8221;.<br \/>\n** Dann f\u00fcllen Sie das Formular\u00a0 aus, und klicken Sie danach auf &#8221; n\u00e4chster Schritt &#8220;.<br \/>\n** kontrolliere, dass alles korrekt ausgef\u00fcllt ist, und klicken Sie auf &#8220;Best\u00e4tigen Sie Ihre Kontodaten&#8221;.<br \/>\n** In Ihrer E-Mail-Box, beobachten sie die E-Mail die Sie von uns erhalten haben, und aktivieren sie Ihr Konto, indem Sie auf den Link im Mail klicken. Ab Jetzt wird Ihr Konto aktiviert.<\/p>\n<p><b>Login auf Ihr Konto<\/b><br \/>\n** Zur www.dhra.nl<br \/>\n** Gehe in der Symbolleiste auf &#8220;Member Area&#8221; und dann auf &#8220;Registration Module&#8221;<br \/>\n** Geben Sie Ihren Benutzernamen und Ihr Passwort ein, und klicken Sie auf &#8220;Anmelden&#8221;.<br \/>\n** Du bist angemeldet in ihren pers\u00f6nlichen Konto.<br \/>\n** Sie k\u00f6nnen ihren pers\u00f6nliche Daten, E-Mail-Adresse und Passwort, wenn n\u00f6tig hier \u00e4ndern<br \/>\n** Wenn Sie hier zum ersten Mal sind, k\u00f6nnen Sie hier ein Fahrzeug anmelden.<\/p>\n<p><b>Neues Fahrzeug<\/b><br \/>\n** Wenn Sie in Ihren Konto eingeloggt sind, auf &#8221; Fahrzugdaten hinzuf\u00fcgen&#8221; klicken.<br \/>\n** Wahlen Sie zwischen Auto oder Bike,. Dann &#8220;Weiter&#8221; klicken<br \/>\n** Wahlen Sie Street Legal oder Dragrace . Danach auf &#8220;Weiter&#8221; klicken.<\/p>\n<p><b>ACHTUNG HIER!! Lese richtig, und w\u00e4hle richtig!!!!<\/b><br \/>\nStreet Legal Klasse ist OSL, ASL t \/ m DSL, SE SM, WS, SLB und SMB<br \/>\nDrag racing Klasse ist F\u00fcr KFZ :\u00a0 PRO-ET, Super-Gas, Super Comp usw; F\u00fcr Motorr\u00e4der: Streetbike ET, Super Street Bike, Stra\u00dfe Twin Super Twin Top Gas usw.<br \/>\n** Aus den Klassen w\u00e4hlen und die Daten von Ihnen Fahrzeug ausf\u00fcllen, klicken Sie dann auf &#8220;Weiter&#8221;. Wenn die Klasse nicht stimmt haben sie die falsche Wahl bei der vorherigen Seite gemacht. Dann gehen Sie einen Seite zur\u00fcck und machen sie die richtige Wahl.<br \/>\n** F\u00fcr Drag Racing Klassen gilt : best\u00e4tige\u00a0 gleich Ihren Startnummer. F\u00fcr Street Legal Klassen gilt,\u00a0 sie verlangen\u00a0 nur eine fixierten Startnummer, wenn Sie regelm\u00e4\u00dfig fahren, sonst erhalten Sie ein befristetes Startnummer, wenn Sie sich f\u00fcr einen Event registrieren.<\/p>\n<p><b>Bewerbungen F\u00fcr\u00a0 Startnummer<\/b><br \/>\n** Einen fixierten Startnummer fragen Sie in Street Legal klassen NUR, wenn Sie regelm\u00e4\u00dfig teilnehmen, sonst mit einen befristetes Startnummer fahren.<br \/>\n** F\u00fcr Dragrace Klassen\u00a0 fragen Sie immer ihren fixierten Startnummer .<br \/>\n** Wenn Sie\u00a0 in Ihren\u00a0 Konto angemeldet sind, klick auf Fahrzeugdaten &#8220;Dauerhafte \u00a0Startnummer beantragen&#8221;.<br \/>\n** W\u00e4hlen Sie aus den freien Startnummern oder f\u00fcllen Sie Ihren gew\u00fcnschten Startnummer aus danach auf &#8220;Fragen nach&#8221;.<br \/>\n** Wir bekommen ihren Anfrage\u00a0 und best\u00e4tigen das, wenn diesen Nummer noch zu haben ist.<br \/>\n** Nach einiger Zeit (kann mehrere Tage dauern) sehen Sie in Ihrem Konto auf Fahrzeugdaten Ihren Startnummer.<\/p>\n<p><b>Registrieren Sie sich f\u00fcr eine Veranstaltung<\/b><br \/>\n** Wenn Sie sich in Ihrem Konto angemeldet haben, klicken Sie auf Veranstaltungsanmeldung &#8220;Klicken Sie hier um alle Veranstaltungen angezeigt zu bekommen&#8221;<br \/>\n** \u00dcberpr\u00fcfen Sie die Veranstaltung, f\u00fcr dem Sie sich registrieren m\u00f6chten, und klicken Sie dann auf &#8220;Einschreiben f\u00fcr ausgew\u00e4hlten Veranstaltungen.&#8221;<br \/>\n** Wenn Sie in Ihrem Konto nur einen Fahrzeug erstellt\u00a0 haben gehen sie automatisch ein schritt weiter.<br \/>\n** Wenn Sie mehrere Fahrzeuge erstellt haben, k\u00f6nnen Sie angeben, mit welchen Fahrzeuge(n) Mann teilnehmen mochtest, dann auf &#8220;Weiter&#8221; klicken.<br \/>\n** Lesen Sie die Bedingungen sorgf\u00e4ltig und kreuze an: &#8220;Ich akzeptiere alle oben genannten Bedingungen&#8221;, und klicken Sie dann auf &#8220;Weiter&#8221;.<br \/>\n** Sie sind registriert.<\/p>\n<p>** Wenn Sie direkt f\u00fcr einen Veranstaltung zahlen m\u00fcssen, dann werden sie f\u00fcr den Fall,\u00a0 auf dem Ideal Zahlung Module (nur f\u00fcr Drag Racing) umgeleitet, die Registrierung ist abgeschlossen, wenn die Bezahlung gutgeschrieben ist.<br \/>\n** Auf deinem pers\u00f6nliches Konto k\u00f6nnen sie bei Veranstaltungen kontrollieren ob Ihr(e) Fahrzeug (e) ist \/ sind registriert.<\/p>\n<p><b>Abmelden von einem Veranstaltung<\/b><br \/>\n\u00a0** Wenn Sie sich in Ihrem Konto angemeldet haben, klicken Sie auf Veranstaltungsanmeldung &#8220;Klicken Sie hier um alle Veranstaltungen angezeigt zu bekommen &#8220;.<br \/>\n** Geht nach Veranstaltung, hier ist angezeigt, mit welches Fahrzeug Sie registriert sind.<br \/>\n** Klicken Sie auf &#8220;Austragen&#8221;<br \/>\n** Best\u00e4tigen und klicken Sie auf &#8220;Ja, austragen&#8221;.<br \/>\n** Sie sind jetzt abgemeldet<\/p>\n<p><b>Sie k\u00f6nnen nicht f\u00fcr eine Veranstaltung registrieren<\/b><br \/>\n** Sie k\u00f6nnen nicht f\u00fcr eine Veranstaltung registrieren\u00a0 in Ihrem Konto, obwohl Sie ein Fahrzeug erstellt haben in diesen Konto.<br \/>\n** Es ist m\u00f6glich, dass es diesen Fahrzeugklasse (Auto oder Bike) nicht mit fahren auf diesen Veranstaltung.<br \/>\n** Es ist auch m\u00f6glich, dass Sie f\u00fcr diesen bestimmten Veranstaltung ein falsches Fahrzeug erstellt haben (Dragrace oder\u00a0 Street Legal), z.b. wenn Sie sich f\u00fcr eine Veranstaltung anmelden im\u00a0 Street Legal\u00a0 klasse und wollen ein Fahrzeug aus die Klasse\u00a0 Dragrace einschreiben, k\u00f6nnen sich nicht registrieren.<br \/>\n** Gehen Sie in Ihren pers\u00f6nliches Konto auf Ihren Fahrzeug und klicken Sie auf &#8220;Anfrage\u00a0 Klassen\u00e4nderung&#8221;.<br \/>\n** W\u00e4hlen Sie die entsprechende Klasse und klicken Sie auf &#8220;Fragen nach&#8221;<br \/>\n** Wenn wir Ihre Anfrage erhalten haben um die Klasse zu \u00e4ndern, kann es mehrere Tage dauern bis alles in Ordnung gemacht ist, wenn Sie aber damit eile haben, senden Sie bitte eine E-Mail an inschrijving@dhra.nl<br \/>\n** Wenn Ihre Klasse sich ver\u00e4ndert hat , kann man sich noch mal f\u00fcr diesen Veranstaltung registrieren;<\/p>\n<p><b>Mit einem Fahrzeug in zwei Klassen teilnehmen<\/b><br \/>\n** Nicht f\u00fcr Fahrzeuge aus die Street-legal (Stra\u00dfenzulassung) Klassen!<br \/>\n** Wenn Sie in Ihren Konto eingeloggt sind, erstellen Sie ein zweites Fahrzeug mit den gleichen Daten von Ihrem ersten Fahrzeug und registrieren Sie es in einer anderen Klasse.<br \/>\n** Wenn die Startnummer frei ist, dann fragen Sie Ihren eigenen festen Startnummer an.<br \/>\n** Sie k\u00f6nnen sich nun mit das gleiche Fahrzeug in zwei unterschiedliche Klassen (ohne Stra\u00dfenzulassung) einschreiben.<\/p>\n<p><b>Mit zwei Fahrzeugen in einer Klasse fahren<\/b><br \/>\n** Wenn Sie in Ihren Konto eingeloggt sind, erstellen Sie ein zweites Fahrzeug mit den Daten von Ihren Zweitwagen und registrieren Sie es in der gleichen Klasse.<br \/>\n** Sie k\u00f6nnen nicht das zweite Fahrzeug mit der Startnummer des ersten Fahrzeugs anmelden zu, oder Sie erhalten eine befristetes Nummer oder fragen Sie einen neuen, aber Freies Nummer an.<\/p>\n<p><b>Mit zwei Fahrzeugen in zwei verschiedenen Klassen fahren<\/b><br \/>\n** Wenn Sie in Ihren Konto eingeloggt sind, erstellen Sie ein zweites Fahrzeug mit den Daten von Ihren Zweitwagen und registrieren Sie es in einer anderen Klasse.<br \/>\n** Sie k\u00f6nnen nicht das zweite Fahrzeug mit der Startnummer des ersten Fahrzeugs anmelden, oder Sie erhalten einen befristetes Nummer oder fragen Sie einen neuen, aber freies Nummer an.<\/p>\n<p><b>Vor\u00fcbergehend mit einem anderen Fahrzeug in der gleichen Klasse Fahren<\/b><br \/>\n** Wenn Sie in Ihren Konto eingeloggt sind, k\u00f6nnen Sie die Fahrzeugdaten selbst \u00e4ndern.<br \/>\n** Wenn Sie, die \u00c4nderungen angeben und Bereits f\u00fcr ein Ereignis registriert sind, gehen die \u00c4nderungen mit in die schon registrierte Veranstaltungen.<br \/>\n\u00a0<br \/>\n<b>Liste der Anmeldungen<\/b><br \/>\n** Zur www.dhra.nl<br \/>\n** Gehe in der Symbolleiste auf &#8220;Member Area&#8221; und dann auf &#8220;Eintr\u00e4ge an Veranstaltungen&#8221;.<br \/>\n** Klicke Auf einen Veranstaltung\u00a0 um die Anmeldungen\u00a0 anzusehen.<\/p>\n<p><b>Entfernen Sie Ihren Fahrzeug<\/b><br \/>\nVORSICHT!<br \/>\nDies f\u00fchrt dazu, dass Ihren Startnummer, was an dieses Fahrzeug verbunden ist verloren geht! Dieses Fahrzeug wird\u00a0 automatisch f\u00fcr alle Veranstaltungen, bei denen es registriert ist abgemeldet.<br \/>\n** Wenn Sie in Ihren Konto eingeloggt sind, auf Ihr Fahrzeugdaten gehen<br \/>\n** Auf &#8220;Fahrzeugdaten l\u00f6schen&#8221;<br \/>\n** Best\u00e4tigen und klicken Sie auf &#8220;Ja, l\u00f6schen&#8221;<\/p>\n<p><b>F\u00fcr\u00a0 Fragen:<\/b><br \/>\n<a href=\"mailto:nennung@dhra.nl\">nennung@dhra.nl<\/a><\/p>\n","protected":false},"excerpt":{"rendered":"<p>Neues Konto ** Zur www.dhra.nl ** Gehe in der Symbolleiste auf &#8220;Member Area&#8221; und dann auf &#8220;Registration Module&#8221;. ** Klicken Sie auf &#8220;Noch kein Konto? Jetzt Registrieren!&#8221;. ** Erstellen Sie einen Benutzernamen und ein Passwort (2x), und klicken Sie auf &#8220;n\u00e4chster Schritt&#8221;. ** Dann f\u00fcllen Sie das Formular\u00a0 aus, und klicken Sie danach auf &#8221; [&hellip;]<\/p>\n","protected":false},"author":1,"featured_media":0,"parent":0,"menu_order":0,"comment_status":"closed","ping_status":"closed","template":"","meta":{"ngg_post_thumbnail":0,"footnotes":""},"class_list":["post-1653","page","type-page","status-publish","hentry"],"_links":{"self":[{"href":"https:\/\/dhra.nl\/index.php?rest_route=\/wp\/v2\/pages\/1653","targetHints":{"allow":["GET"]}}],"collection":[{"href":"https:\/\/dhra.nl\/index.php?rest_route=\/wp\/v2\/pages"}],"about":[{"href":"https:\/\/dhra.nl\/index.php?rest_route=\/wp\/v2\/types\/page"}],"author":[{"embeddable":true,"href":"https:\/\/dhra.nl\/index.php?rest_route=\/wp\/v2\/users\/1"}],"replies":[{"embeddable":true,"href":"https:\/\/dhra.nl\/index.php?rest_route=%2Fwp%2Fv2%2Fcomments&post=1653"}],"version-history":[{"count":2,"href":"https:\/\/dhra.nl\/index.php?rest_route=\/wp\/v2\/pages\/1653\/revisions"}],"predecessor-version":[{"id":1656,"href":"https:\/\/dhra.nl\/index.php?rest_route=\/wp\/v2\/pages\/1653\/revisions\/1656"}],"wp:attachment":[{"href":"https:\/\/dhra.nl\/index.php?rest_route=%2Fwp%2Fv2%2Fmedia&parent=1653"}],"curies":[{"name":"wp","href":"https:\/\/api.w.org\/{rel}","templated":true}]}}