{"id":2301,"date":"2014-05-02T21:10:29","date_gmt":"2014-05-02T19:10:29","guid":{"rendered":"http:\/\/www.dhra.nl\/?page_id=2301"},"modified":"2022-04-07T10:34:19","modified_gmt":"2022-04-07T09:34:19","slug":"programma-overzicht-2014","status":"publish","type":"page","link":"https:\/\/dhra.nl\/?page_id=2301&lang=de","title":{"rendered":"Programma overzicht 2022"},"content":{"rendered":"<p>10-12 Juni 2022 Drachten Internationals<\/p>\n<p>&nbsp;<\/p>\n<p><b>Tijdschema \u2013 Time table &#8211; Zeitplan<\/b><\/p>\n<p><i>Vrijdag \u2013 Friday \u2013 Freitag<\/i><br \/>\n09:00 Gates open;<br \/>\n09:30 Start registration;<br \/>\n11:00 Start Technical Inspection;<br \/>\n15:00 Start Race\/ Qualifying;<br \/>\n18:00 End Registration;<br \/>\n19:00 End Technical Inspection;<br \/>\n20:00 Start Call-Outs;<br \/>\n22:00 End Race \/ Call-Outs \/ Qualifying;<br \/>\n23:00 Gates closed \u2013 Night Clock \u2013 no noise, no driving;<\/p>\n<p><i>Zaterdag \u2013 Saturday \u2013 Samstag<\/i><br \/>\n09:00 Gates open;<br \/>\n09:00 Start registration;<br \/>\n09:00 Start Technical Inspection;<br \/>\n10:00 Start Race\/ Qualifying;<br \/>\n18:00 End Registration;<br \/>\n18:30 End Technical Inspection;<br \/>\n20:00 Start Call-Outs;<br \/>\n22:00 End Race \/ Call-Outs\/ Qualifying;<br \/>\n23:00 Gates closed \u2013 Night Clock \u2013 no noise, no driving;<\/p>\n<p><i>Zondag \u2013 Sunday \u2013 Sonntag<\/i><br \/>\n09:00 Gates open;<br \/>\n10:00 Start Finals;<br \/>\n17:00 End Finals &amp; Event.<\/p>\n<p><i><small>Bovenstaande tijden zijn onder voorbehoudt. De organisatie kan en mag ten aller tijden waar nodig deze bijstellen. Het meest recente tijdplan zal op www.dhra.nl gepubliceerd zijn.<br \/>\nThe above times are subject to change. The organization can and may adjust these at any time where necessary. The most recent time plan will be published on www.dhra.nl<br \/>\nDie oben genannten Zeiten k\u00f6nnen sich \u00e4ndern. Die Organisation m\u00f6chte und kann diese bei Bedarf jederzeit anpassen. Der aktuellste Zeitplan wird auf www.dhra.nl ver\u00f6ffentlicht.<\/small><\/i><\/p>\n","protected":false},"excerpt":{"rendered":"<p>10-12 Juni 2022 Drachten Internationals &nbsp; Tijdschema \u2013 Time table &#8211; Zeitplan Vrijdag \u2013 Friday \u2013 Freitag 09:00 Gates open; 09:30 Start registration; 11:00 Start Technical Inspection; 15:00 Start Race\/ Qualifying; 18:00 End Registration; 19:00 End Technical Inspection; 20:00 Start Call-Outs; 22:00 End Race \/ Call-Outs \/ Qualifying; 23:00 Gates closed \u2013 Night Clock \u2013 [&hellip;]<\/p>\n","protected":false},"author":1,"featured_media":0,"parent":0,"menu_order":0,"comment_status":"closed","ping_status":"closed","template":"","meta":{"ngg_post_thumbnail":0,"footnotes":""},"class_list":["post-2301","page","type-page","status-publish","hentry"],"_links":{"self":[{"href":"https:\/\/dhra.nl\/index.php?rest_route=\/wp\/v2\/pages\/2301","targetHints":{"allow":["GET"]}}],"collection":[{"href":"https:\/\/dhra.nl\/index.php?rest_route=\/wp\/v2\/pages"}],"about":[{"href":"https:\/\/dhra.nl\/index.php?rest_route=\/wp\/v2\/types\/page"}],"author":[{"embeddable":true,"href":"https:\/\/dhra.nl\/index.php?rest_route=\/wp\/v2\/users\/1"}],"replies":[{"embeddable":true,"href":"https:\/\/dhra.nl\/index.php?rest_route=%2Fwp%2Fv2%2Fcomments&post=2301"}],"version-history":[{"count":21,"href":"https:\/\/dhra.nl\/index.php?rest_route=\/wp\/v2\/pages\/2301\/revisions"}],"predecessor-version":[{"id":3553,"href":"https:\/\/dhra.nl\/index.php?rest_route=\/wp\/v2\/pages\/2301\/revisions\/3553"}],"wp:attachment":[{"href":"https:\/\/dhra.nl\/index.php?rest_route=%2Fwp%2Fv2%2Fmedia&parent=2301"}],"curies":[{"name":"wp","href":"https:\/\/api.w.org\/{rel}","templated":true}]}}