{"id":3257,"date":"2018-04-30T22:17:04","date_gmt":"2018-04-30T20:17:04","guid":{"rendered":"http:\/\/dhra.nl?page_id=3257"},"modified":"2018-04-30T22:17:04","modified_gmt":"2018-04-30T20:17:04","slug":"hausregeln-dhra-dragracing","status":"publish","type":"page","link":"https:\/\/dhra.nl\/?page_id=3257&lang=de","title":{"rendered":"Hausregeln DHRA Dragracing"},"content":{"rendered":"<p>\u2022\tFolgen Sie immer die Anweisungen von die Rennleitung, DHRA und Security Mitarbeiter.<br \/>\n\u2022\tCamping nur An den Stellen, die durch DHRA bezeichnet sind.<br \/>\n\u2022\tJeder ist verpflichtet, das Wochenende Armband zu tragen.<br \/>\n\u2022\tDie \u00dcberwachung (Security) hat weitreichende Befugnisse; folgen Sie den Anweisungen.<br \/>\n\u2022\tKeine selbstmitgebrachten Alkoholischen Getr\u00e4nke.<br \/>\n\u2022\tDas Hin und her Fahren auf dem Gel\u00e4nde ist verboten, keine Burn-outs im Gras.<br \/>\n\u2022\tH\u00f6chstgeschwindigkeit au\u00dferhalb Asphaltband ist 5 km \/ h.<br \/>\n\u2022\tEs ist verboten, im Startbereich zu essen \/ trinken oder rauchen.<br \/>\n\u2022\tDrogen sind bei der Veranstaltung nicht gestattet.<br \/>\n\u2022\tOffenes Feuer ist verboten, Grillen erlaubt; Die Kohle bitte nicht hinterlassen auf dem Rasen aber aufr\u00e4umen.<br \/>\n\u2022\tNach 23:00 ist Ruhezeit; so keine laute Musik.<br \/>\n\u2022\tHalten Sie die sanit\u00e4ren Anlagen sauber und entsorgen Sie den Abfall in den Containern \/ Beh\u00e4ltern.<br \/>\n\u2022\tErste Hilfe ist f\u00fcr Notf\u00e4lle zur Verf\u00fcgung.<br \/>\n\u2022\tVereinsfarben sind nicht erlaubt.<br \/>\n\u2022\tDie Verteilung von Flyern von Veranstaltungen ist nur mit schriftlicher Genehmigung der DHRA gestattet.<br \/>\n\u2022\tFahren Sie normal und ruhig zur\u00fcck nach Hause und ber\u00fccksichtigen sie die holl\u00e4ndische Geschwindigkeitskontrollen.<br \/>\nAchtung!! \u2022 Es gibt angepasste \u00d6ffnungszeiten; Das Tor schlie\u00dft um 23:00 Uhr abends und \u00f6ffnet um 09:00 Uhr wieder. Wenn Sie die Gel\u00e4nde im Notfall verlassen m\u00f6chten, k\u00f6nnen Sie das tun. Sie k\u00f6nnen jedoch nicht zur Gel\u00e4nde zur\u00fcckkehren, es sei denn, Sie haben zuvor die Genehmigung des Sicherheitsbeauftragten erhalten. \u2022 Die DHRA kann in keinem Fall f\u00fcr Personensch\u00e4den und \/ oder Verlust oder Besch\u00e4digung von Eigentum und \/ oder Waren haftbar gemacht werden. \u2022 Der Campingplatz ist voll abzugsf\u00e4hig. \u2022 DHRA kann nach eigenem Ermessen f\u00fcr jede Person, die sich nicht an die Vorschriften h\u00e4lt, den Zugang zum Campingplatz verweigern oder den Zugang von diesem entfernen.<\/p>\n<p>Wir bitten Sie dringend, diese Regeln einzuhalten. Das bedeutet, dass wir keine unn\u00f6tigen Unannehmlichkeiten verursachen. Wir m\u00fcssen den Veranstaltungsbereich mit Ihrer Hilfe sauber verlassen. Die Nichteinhaltung der internen Vorschriften kann bedeuten, dass der Schaden und \/ oder die Kosten, die DHRA entstehen, von der Partei, die den Schaden verursacht hat, zur\u00fcckgefordert werden.<\/p>\n<p>Wenn Sie aufgrund der Wetterbedingungen oder des Gel\u00e4ndezustandes (sog. Regenfall) weniger oder gar nicht fahren k\u00f6nnen, erfolgt keine R\u00fcckerstattung der Teilnahmegeb\u00fchr. R\u00fcckerstattungen gelten nur, wenn die Organisation aufgrund der Gel\u00e4ndebeschaffenheit oder Wettervorhersagen gezwungen ist, die Veranstaltung in der Woche vor der Veranstaltung (sp\u00e4testens Dienstag vor 10.00 Uhr) abzusagen. Dies geschieht im Prinzip durch \u00dcberweisung der Zahlung in die n\u00e4chste Runde. In diesem Fall kann kein Anspruch auf Erstattung der entstandenen Kosten geltend gemacht werden.<\/p>\n","protected":false},"excerpt":{"rendered":"<p>\u2022 Folgen Sie immer die Anweisungen von die Rennleitung, DHRA und Security Mitarbeiter. \u2022 Camping nur An den Stellen, die durch DHRA bezeichnet sind. \u2022 Jeder ist verpflichtet, das Wochenende Armband zu tragen. \u2022 Die \u00dcberwachung (Security) hat weitreichende Befugnisse; folgen Sie den Anweisungen. \u2022 Keine selbstmitgebrachten Alkoholischen Getr\u00e4nke. \u2022 Das Hin und her Fahren [&hellip;]<\/p>\n","protected":false},"author":1,"featured_media":0,"parent":0,"menu_order":0,"comment_status":"closed","ping_status":"closed","template":"","meta":{"ngg_post_thumbnail":0,"footnotes":""},"class_list":["post-3257","page","type-page","status-publish","hentry"],"_links":{"self":[{"href":"https:\/\/dhra.nl\/index.php?rest_route=\/wp\/v2\/pages\/3257","targetHints":{"allow":["GET"]}}],"collection":[{"href":"https:\/\/dhra.nl\/index.php?rest_route=\/wp\/v2\/pages"}],"about":[{"href":"https:\/\/dhra.nl\/index.php?rest_route=\/wp\/v2\/types\/page"}],"author":[{"embeddable":true,"href":"https:\/\/dhra.nl\/index.php?rest_route=\/wp\/v2\/users\/1"}],"replies":[{"embeddable":true,"href":"https:\/\/dhra.nl\/index.php?rest_route=%2Fwp%2Fv2%2Fcomments&post=3257"}],"version-history":[{"count":1,"href":"https:\/\/dhra.nl\/index.php?rest_route=\/wp\/v2\/pages\/3257\/revisions"}],"predecessor-version":[{"id":3258,"href":"https:\/\/dhra.nl\/index.php?rest_route=\/wp\/v2\/pages\/3257\/revisions\/3258"}],"wp:attachment":[{"href":"https:\/\/dhra.nl\/index.php?rest_route=%2Fwp%2Fv2%2Fmedia&parent=3257"}],"curies":[{"name":"wp","href":"https:\/\/api.w.org\/{rel}","templated":true}]}}